{"id":11,"date":"2011-12-28T18:42:57","date_gmt":"2011-12-28T17:42:57","guid":{"rendered":"http:\/\/zygplume.fr\/WordPress3\/?page_id=11"},"modified":"2017-12-06T00:29:34","modified_gmt":"2017-12-05T23:29:34","slug":"11-2","status":"publish","type":"page","link":"https:\/\/esprit-nomade.zygplume.fr\/?page_id=11","title":{"rendered":"Galerie Bulles de Savoir (luminaires)"},"content":{"rendered":"<p>&nbsp;<\/p>\n<h2 style=\"text-align: center;\"><strong>Les Bulles de Savoirs<\/strong><\/h2>\n<p style=\"text-align: center;\">Les Bulles de Savoirs<\/p>\n<p style=\"text-align: center;\">Naissent et grandissent<\/p>\n<p style=\"text-align: center;\">\u00e0 chaque nouvelle g\u00e9n\u00e9ration d\u2019\u00catres .<\/p>\n<p style=\"text-align: center;\">Un Passage Initiatique<\/p>\n<p style=\"text-align: center;\">Permet \u00e0 chaque \u00catre<\/p>\n<p style=\"text-align: center;\">d\u2019aller chercher ses propres Savoirs ,<\/p>\n<p style=\"text-align: center;\">Car chaque Bulle est reli\u00e9e \u00e0 un seul \u00catre.<\/p>\n<p style=\"text-align: center;\">Mais un \u00catre peut bien s\u00fbr avoir plusieurs Savoirs\u00a0!<\/p>\n<p style=\"text-align: center;\">Si celui-ci ne trouve pas toutes ses Bulles ,<\/p>\n<p style=\"text-align: center;\">Le Savoir qu\u2019elles contiennent est perdu<\/p>\n<p style=\"text-align: center;\">Pour sa g\u00e9n\u00e9ration,<\/p>\n<p style=\"text-align: center;\">Et les graines de ces derni\u00e8res<\/p>\n<p style=\"text-align: center;\">Se ress\u00e8meront<\/p>\n<p style=\"text-align: center;\">Pour<\/p>\n<p style=\"text-align: center;\">La g\u00e9n\u00e9ration future \u2026<\/p>\n<p><strong>C\u00f4t\u00e9 technique :<\/strong><\/p>\n<p>Mes Luminaires sont r\u00e9alis\u00e9s \u00e0 l&rsquo;aide de squelette de fer, de boules de verre acrylique , de leds que je fixe \u00e0 l&rsquo;int\u00e9rieur,<\/p>\n<p>recouverts ensuite de tissus que je fige avec une colle, et que je vernis ensuite.<\/p>\n<p>Les Leds \u00e9tant donn\u00e9s pour une dur\u00e9e de vie tr\u00e8s longue , je n&rsquo;ai pas le souci de changer les ampoules&#8230;.<\/p>\n<p>Et pour les photophores de table sur support pierre de dordogne sculpt\u00e9e, ce sont de petits leds \u00e0 pile .<\/p>\n<p>&nbsp;<\/p>\n<p>&nbsp;<\/p>\n\r\n\t\t<style type='text\/css'>\r\n\t\t\t#gallery-1 {\r\n\t\t\t\tmargin: auto;\r\n\t\t\t}\r\n\t\t\t#gallery-1 .gallery-item {\r\n\t\t\t\tfloat: left;\r\n\t\t\t\tmargin-top: 10px;\r\n\t\t\t\ttext-align: center;\r\n\t\t\t\twidth: 33%;\r\n\t\t\t}\r\n\t\t\t#gallery-1 img {\r\n\t\t\t\tborder: 2px solid #cfcfcf;\r\n\t\t\t}\r\n\t\t\t#gallery-1 .gallery-caption {\r\n\t\t\t\tmargin-left: 0;\r\n\t\t\t}\r\n\t\t<\/style>\r\n\t\t<!-- see gallery_shortcode() in wp-includes\/media.php -->\n\t\t<div id='gallery-1' class='gallery galleryid-11 gallery-columns-3 gallery-size-thumbnail gallery1'><script type=\"text\/javascript\">\r\n\/\/ <![CDATA[\r\n\tjQuery(document).ready(function () {\r\n\t\tjQuery(\".gallery1 a\").attr(\"rel\",\"gallery1\");\t\r\n\t\tjQuery('a[rel=\"gallery1\"]').colorbox({maxWidth:\"95%\", maxHeight:\"95%\",title: function(){ return jQuery(this).children().attr(\"alt\"); }, });\r\n\t});\r\n\/\/ ]]>\r\n<\/script>\n<dl class=\"gallery-item\">\n<dt class=\"gallery-icon\">\r\n<a href=\"https:\/\/esprit-nomade.zygplume.fr\/wp-content\/uploads\/2011\/12\/DSCN0375-e1325615560973.jpg\" title=\"\" rel=\"gallery1\"><img src=\"https:\/\/esprit-nomade.zygplume.fr\/wp-content\/uploads\/2011\/12\/DSCN0375-150x150.jpg\" width=\"150\" height=\"150\" alt=\"\" \/><\/a>\r\n<\/dt><\/dl><dl class=\"gallery-item\">\n<dt class=\"gallery-icon\">\r\n<a href=\"https:\/\/esprit-nomade.zygplume.fr\/wp-content\/uploads\/2011\/12\/DSCN0383-e1325615555606.jpg\" title=\"\" rel=\"gallery1\"><img src=\"https:\/\/esprit-nomade.zygplume.fr\/wp-content\/uploads\/2011\/12\/DSCN0383-150x150.jpg\" width=\"150\" height=\"150\" alt=\"\" \/><\/a>\r\n<\/dt><\/dl><dl class=\"gallery-item\">\n<dt class=\"gallery-icon\">\r\n<a href=\"https:\/\/esprit-nomade.zygplume.fr\/wp-content\/uploads\/2011\/12\/DSCN2960-768x1024.jpg\" title=\"\" rel=\"gallery1\"><img src=\"https:\/\/esprit-nomade.zygplume.fr\/wp-content\/uploads\/2011\/12\/DSCN2960-150x150.jpg\" width=\"150\" height=\"150\" alt=\"\" \/><\/a>\r\n<\/dt><\/dl><br style=\"clear: both\" \/><dl class=\"gallery-item\">\n<dt class=\"gallery-icon\">\r\n<a href=\"https:\/\/esprit-nomade.zygplume.fr\/wp-content\/uploads\/2011\/12\/DSCN2966-768x1024.jpg\" title=\"\" rel=\"gallery1\"><img src=\"https:\/\/esprit-nomade.zygplume.fr\/wp-content\/uploads\/2011\/12\/DSCN2966-150x150.jpg\" width=\"150\" height=\"150\" alt=\"\" \/><\/a>\r\n<\/dt><\/dl><dl class=\"gallery-item\">\n<dt class=\"gallery-icon\">\r\n<a href=\"https:\/\/esprit-nomade.zygplume.fr\/wp-content\/uploads\/2011\/12\/DSCN3027-768x1024.jpg\" title=\"\" rel=\"gallery1\"><img src=\"https:\/\/esprit-nomade.zygplume.fr\/wp-content\/uploads\/2011\/12\/DSCN3027-150x150.jpg\" width=\"150\" height=\"150\" alt=\"\" \/><\/a>\r\n<\/dt><\/dl><dl class=\"gallery-item\">\n<dt class=\"gallery-icon\">\r\n<a href=\"https:\/\/esprit-nomade.zygplume.fr\/wp-content\/uploads\/2011\/12\/DSCN3028-768x1024.jpg\" title=\"\" rel=\"gallery1\"><img src=\"https:\/\/esprit-nomade.zygplume.fr\/wp-content\/uploads\/2011\/12\/DSCN3028-150x150.jpg\" width=\"150\" height=\"150\" alt=\"\" \/><\/a>\r\n<\/dt><\/dl><br style=\"clear: both\" \/><dl class=\"gallery-item\">\n<dt class=\"gallery-icon\">\r\n<a href=\"https:\/\/esprit-nomade.zygplume.fr\/wp-content\/uploads\/2011\/12\/DSCN3146-768x1024.jpg\" title=\"\" rel=\"gallery1\"><img src=\"https:\/\/esprit-nomade.zygplume.fr\/wp-content\/uploads\/2011\/12\/DSCN3146-150x150.jpg\" width=\"150\" height=\"150\" alt=\"\" \/><\/a>\r\n<\/dt><\/dl><dl class=\"gallery-item\">\n<dt class=\"gallery-icon\">\r\n<a href=\"https:\/\/esprit-nomade.zygplume.fr\/wp-content\/uploads\/2011\/12\/DSCN3149-1024x768.jpg\" title=\"\" rel=\"gallery1\"><img src=\"https:\/\/esprit-nomade.zygplume.fr\/wp-content\/uploads\/2011\/12\/DSCN3149-150x150.jpg\" width=\"150\" height=\"150\" alt=\"\" \/><\/a>\r\n<\/dt><\/dl><dl class=\"gallery-item\">\n<dt class=\"gallery-icon\">\r\n<a href=\"https:\/\/esprit-nomade.zygplume.fr\/wp-content\/uploads\/2011\/12\/DSCN3150-768x1024.jpg\" title=\"\" rel=\"gallery1\"><img src=\"https:\/\/esprit-nomade.zygplume.fr\/wp-content\/uploads\/2011\/12\/DSCN3150-150x150.jpg\" width=\"150\" height=\"150\" alt=\"\" \/><\/a>\r\n<\/dt><dd class=\"gallery-caption\" id=\"caption28\"><span class=\"imagedescription\">Quand un de mes personnages s'\u00e9tend tranquillement sous des bulles de savoir \u00e9clair\u00e9es , c'est pour m\u00e9diter sur notre monde .....<\/span><br \/>\n<\/dd><\/dl><br style=\"clear: both\" \/><dl class=\"gallery-item\">\n<dt class=\"gallery-icon\">\r\n<a href=\"https:\/\/esprit-nomade.zygplume.fr\/wp-content\/uploads\/2011\/12\/P1020657-600x800.jpg\" title=\"\" rel=\"gallery1\"><img src=\"https:\/\/esprit-nomade.zygplume.fr\/wp-content\/uploads\/2011\/12\/P1020657-113x150.jpg\" width=\"113\" height=\"150\" alt=\"\" \/><\/a>\r\n<\/dt><\/dl><dl class=\"gallery-item\">\n<dt class=\"gallery-icon\">\r\n<a href=\"https:\/\/esprit-nomade.zygplume.fr\/wp-content\/uploads\/2011\/12\/P1020655-600x800.jpg\" title=\"\" rel=\"gallery1\"><img src=\"https:\/\/esprit-nomade.zygplume.fr\/wp-content\/uploads\/2011\/12\/P1020655-113x150.jpg\" width=\"113\" height=\"150\" alt=\"\" \/><\/a>\r\n<\/dt><\/dl>\r\n\t\t\t<br style='clear: both' \/>\r\n\t\t<\/div>\n\n<h2 style=\"text-align: center;\"><strong>\u00a0<\/strong><\/h2>\n\r\n\t\t<style type='text\/css'>\r\n\t\t\t#gallery-2 {\r\n\t\t\t\tmargin: auto;\r\n\t\t\t}\r\n\t\t\t#gallery-2 .gallery-item {\r\n\t\t\t\tfloat: left;\r\n\t\t\t\tmargin-top: 10px;\r\n\t\t\t\ttext-align: center;\r\n\t\t\t\twidth: 33%;\r\n\t\t\t}\r\n\t\t\t#gallery-2 img {\r\n\t\t\t\tborder: 2px solid #cfcfcf;\r\n\t\t\t}\r\n\t\t\t#gallery-2 .gallery-caption {\r\n\t\t\t\tmargin-left: 0;\r\n\t\t\t}\r\n\t\t<\/style>\r\n\t\t<!-- see gallery_shortcode() in wp-includes\/media.php -->\n\t\t<div id='gallery-2' class='gallery galleryid-11 gallery-columns-3 gallery-size-thumbnail gallery1'><script type=\"text\/javascript\">\r\n\/\/ <![CDATA[\r\n\tjQuery(document).ready(function () {\r\n\t\tjQuery(\".gallery1 a\").attr(\"rel\",\"gallery1\");\t\r\n\t\tjQuery('a[rel=\"gallery1\"]').colorbox({maxWidth:\"95%\", maxHeight:\"95%\",title: function(){ return jQuery(this).children().attr(\"alt\"); }, });\r\n\t});\r\n\/\/ ]]>\r\n<\/script>\n<dl class=\"gallery-item\">\n<dt class=\"gallery-icon\">\r\n<a href=\"https:\/\/esprit-nomade.zygplume.fr\/wp-content\/uploads\/2011\/12\/DSCN9864-600x800.jpg\" title=\"\" rel=\"gallery1\"><img src=\"https:\/\/esprit-nomade.zygplume.fr\/wp-content\/uploads\/2011\/12\/DSCN9864-113x150.jpg\" width=\"113\" height=\"150\" alt=\"\" \/><\/a>\r\n<\/dt><\/dl><dl class=\"gallery-item\">\n<dt class=\"gallery-icon\">\r\n<a href=\"https:\/\/esprit-nomade.zygplume.fr\/wp-content\/uploads\/2011\/12\/DSCN9867-600x800.jpg\" title=\"\" rel=\"gallery1\"><img src=\"https:\/\/esprit-nomade.zygplume.fr\/wp-content\/uploads\/2011\/12\/DSCN9867-113x150.jpg\" width=\"113\" height=\"150\" alt=\"\" \/><\/a>\r\n<\/dt><\/dl><dl class=\"gallery-item\">\n<dt class=\"gallery-icon\">\r\n<a href=\"https:\/\/esprit-nomade.zygplume.fr\/wp-content\/uploads\/2011\/12\/DSCN9869-600x800.jpg\" title=\"\" rel=\"gallery1\"><img src=\"https:\/\/esprit-nomade.zygplume.fr\/wp-content\/uploads\/2011\/12\/DSCN9869-113x150.jpg\" width=\"113\" height=\"150\" alt=\"\" \/><\/a>\r\n<\/dt><\/dl><br style=\"clear: both\" \/><dl class=\"gallery-item\">\n<dt class=\"gallery-icon\">\r\n<a href=\"https:\/\/esprit-nomade.zygplume.fr\/wp-content\/uploads\/2011\/12\/DSCN9862-600x800.jpg\" title=\"\" rel=\"gallery1\"><img src=\"https:\/\/esprit-nomade.zygplume.fr\/wp-content\/uploads\/2011\/12\/DSCN9862-113x150.jpg\" width=\"113\" height=\"150\" alt=\"\" \/><\/a>\r\n<\/dt><\/dl><dl class=\"gallery-item\">\n<dt class=\"gallery-icon\">\r\n<a href=\"https:\/\/esprit-nomade.zygplume.fr\/wp-content\/uploads\/2011\/12\/DSCN9860-600x800.jpg\" title=\"\" rel=\"gallery1\"><img src=\"https:\/\/esprit-nomade.zygplume.fr\/wp-content\/uploads\/2011\/12\/DSCN9860-113x150.jpg\" width=\"113\" height=\"150\" alt=\"\" \/><\/a>\r\n<\/dt><\/dl>\r\n\t\t\t<br style='clear: both' \/>\r\n\t\t<\/div>\n\n<p>&nbsp;<\/p>\n<p>&nbsp;<\/p>\n","protected":false},"excerpt":{"rendered":"<p>&nbsp; Les Bulles de Savoirs Les Bulles de Savoirs Naissent et grandissent \u00e0 chaque nouvelle g\u00e9n\u00e9ration d\u2019\u00catres . Un Passage Initiatique Permet \u00e0 chaque \u00catre d\u2019aller chercher ses propres Savoirs , Car chaque Bulle est reli\u00e9e \u00e0 un seul \u00catre. Mais un \u00catre peut bien s\u00fbr avoir plusieurs Savoirs\u00a0! Si celui-ci ne trouve pas toutes &hellip; <\/p>\n<p><a class=\"more-link btn\" href=\"https:\/\/esprit-nomade.zygplume.fr\/?page_id=11\">Lire la suite<\/a><\/p>\n","protected":false},"author":1,"featured_media":0,"parent":0,"menu_order":0,"comment_status":"closed","ping_status":"open","template":"","meta":[],"_links":{"self":[{"href":"https:\/\/esprit-nomade.zygplume.fr\/index.php?rest_route=\/wp\/v2\/pages\/11"}],"collection":[{"href":"https:\/\/esprit-nomade.zygplume.fr\/index.php?rest_route=\/wp\/v2\/pages"}],"about":[{"href":"https:\/\/esprit-nomade.zygplume.fr\/index.php?rest_route=\/wp\/v2\/types\/page"}],"author":[{"embeddable":true,"href":"https:\/\/esprit-nomade.zygplume.fr\/index.php?rest_route=\/wp\/v2\/users\/1"}],"replies":[{"embeddable":true,"href":"https:\/\/esprit-nomade.zygplume.fr\/index.php?rest_route=%2Fwp%2Fv2%2Fcomments&post=11"}],"version-history":[{"count":15,"href":"https:\/\/esprit-nomade.zygplume.fr\/index.php?rest_route=\/wp\/v2\/pages\/11\/revisions"}],"predecessor-version":[{"id":428,"href":"https:\/\/esprit-nomade.zygplume.fr\/index.php?rest_route=\/wp\/v2\/pages\/11\/revisions\/428"}],"wp:attachment":[{"href":"https:\/\/esprit-nomade.zygplume.fr\/index.php?rest_route=%2Fwp%2Fv2%2Fmedia&parent=11"}],"curies":[{"name":"wp","href":"https:\/\/api.w.org\/{rel}","templated":true}]}}