{"id":339,"date":"2017-04-24T10:10:03","date_gmt":"2017-04-24T08:10:03","guid":{"rendered":"http:\/\/esprit-nomade.zygplume.fr\/?page_id=339"},"modified":"2021-02-06T18:38:27","modified_gmt":"2021-02-06T17:38:27","slug":"vetements-femme","status":"publish","type":"page","link":"https:\/\/esprit-nomade.zygplume.fr\/?page_id=339","title":{"rendered":"Accessoires de mode &#038; V\u00eatements femme"},"content":{"rendered":"<p style=\"text-align: center;\"><strong>Voici ici quelques pi\u00e8ces uniques &#8230;<\/strong><\/p>\n<p style=\"text-align: center;\"><strong>J&rsquo;aime recycler certains tissus comme des foulards anciens et vieilles dentelles ,<\/strong><\/p>\n<p style=\"text-align: center;\"><strong>que j&rsquo;accorde \u00e0 des tissus actuels pour en faire des hauts l\u00e9gers pour l&rsquo;\u00e9t\u00e9&#8230; <\/strong><\/p>\n\r\n\t\t<style type='text\/css'>\r\n\t\t\t#gallery-1 {\r\n\t\t\t\tmargin: auto;\r\n\t\t\t}\r\n\t\t\t#gallery-1 .gallery-item {\r\n\t\t\t\tfloat: left;\r\n\t\t\t\tmargin-top: 10px;\r\n\t\t\t\ttext-align: center;\r\n\t\t\t\twidth: 25%;\r\n\t\t\t}\r\n\t\t\t#gallery-1 img {\r\n\t\t\t\tborder: 2px solid #cfcfcf;\r\n\t\t\t}\r\n\t\t\t#gallery-1 .gallery-caption {\r\n\t\t\t\tmargin-left: 0;\r\n\t\t\t}\r\n\t\t<\/style>\r\n\t\t<!-- see gallery_shortcode() in wp-includes\/media.php -->\n\t\t<div id='gallery-1' class='gallery galleryid-339 gallery-columns-4 gallery-size-full gallery1'><script type=\"text\/javascript\">\r\n\/\/ <![CDATA[\r\n\tjQuery(document).ready(function () {\r\n\t\tjQuery(\".gallery1 a\").attr(\"rel\",\"gallery1\");\t\r\n\t\tjQuery('a[rel=\"gallery1\"]').colorbox({maxWidth:\"95%\", maxHeight:\"95%\",title: function(){ return jQuery(this).children().attr(\"alt\"); }, });\r\n\t});\r\n\/\/ ]]>\r\n<\/script>\n<dl class=\"gallery-item\">\n<dt class=\"gallery-icon\">\r\n<a href=\"https:\/\/esprit-nomade.zygplume.fr\/wp-content\/uploads\/2017\/04\/DSCN1633-800x600.jpg\" title=\"haut avec fleur en soie\" rel=\"gallery1\"><img src=\"https:\/\/esprit-nomade.zygplume.fr\/wp-content\/uploads\/2017\/04\/DSCN1633-e1493021077222.jpg\" width=\"800\" height=\"600\" alt=\"haut avec fleur en soie\" \/><\/a>\r\n<\/dt><dd class=\"gallery-caption\" id=\"caption349\"><span class=\"imagecaption\">haut avec fleur en soie<\/span><br \/>\n<\/dd><\/dl><dl class=\"gallery-item\">\n<dt class=\"gallery-icon\">\r\n<a href=\"https:\/\/esprit-nomade.zygplume.fr\/wp-content\/uploads\/2017\/04\/DSCN1627-600x800.jpg\" title=\"haut avec dentelle et plume\" rel=\"gallery1\"><img src=\"https:\/\/esprit-nomade.zygplume.fr\/wp-content\/uploads\/2017\/04\/DSCN1627-e1493020992689.jpg\" width=\"600\" height=\"800\" alt=\"haut avec dentelle et plume\" \/><\/a>\r\n<\/dt><dd class=\"gallery-caption\" id=\"caption345\"><span class=\"imagecaption\">haut avec dentelle et plume<\/span><br \/>\n<\/dd><\/dl><dl class=\"gallery-item\">\n<dt class=\"gallery-icon\">\r\n<a href=\"https:\/\/esprit-nomade.zygplume.fr\/wp-content\/uploads\/2017\/04\/DSCN1616-800x600.jpg\" title=\"petite goutte dans le dos\" rel=\"gallery1\"><img src=\"https:\/\/esprit-nomade.zygplume.fr\/wp-content\/uploads\/2017\/04\/DSCN1616-e1493020928667.jpg\" width=\"800\" height=\"600\" alt=\"petite goutte dans le dos\" \/><\/a>\r\n<\/dt><dd class=\"gallery-caption\" id=\"caption342\"><span class=\"imagecaption\">petite goutte dans le dos<\/span><br \/>\n<\/dd><\/dl><dl class=\"gallery-item\">\n<dt class=\"gallery-icon\">\r\n<a href=\"https:\/\/esprit-nomade.zygplume.fr\/wp-content\/uploads\/2017\/04\/DSCN1638-800x600.jpg\" title=\"haut bleu avec foulard\" rel=\"gallery1\"><img src=\"https:\/\/esprit-nomade.zygplume.fr\/wp-content\/uploads\/2017\/04\/DSCN1638-e1493021038325.jpg\" width=\"800\" height=\"600\" alt=\"haut bleu avec foulard\" \/><\/a>\r\n<\/dt><dd class=\"gallery-caption\" id=\"caption347\"><span class=\"imagecaption\">haut bleu avec foulard<\/span><br \/>\n<\/dd><\/dl><br style=\"clear: both\" \/><dl class=\"gallery-item\">\n<dt class=\"gallery-icon\">\r\n<a href=\"https:\/\/esprit-nomade.zygplume.fr\/wp-content\/uploads\/2017\/04\/DSCN1624-600x800.jpg\" title=\"haut rose et foulard assorti\" rel=\"gallery1\"><img src=\"https:\/\/esprit-nomade.zygplume.fr\/wp-content\/uploads\/2017\/04\/DSCN1624-e1493020949703.jpg\" width=\"600\" height=\"800\" alt=\"haut rose et foulard assorti\" \/><\/a>\r\n<\/dt><dd class=\"gallery-caption\" id=\"caption343\"><span class=\"imagecaption\">haut rose et foulard assorti<\/span><br \/>\n<\/dd><\/dl><dl class=\"gallery-item\">\n<dt class=\"gallery-icon\">\r\n<a href=\"https:\/\/esprit-nomade.zygplume.fr\/wp-content\/uploads\/2017\/04\/DSCN1625-600x800.jpg\" title=\"d\u00e9tail dentelle dans le dos \" rel=\"gallery1\"><img src=\"https:\/\/esprit-nomade.zygplume.fr\/wp-content\/uploads\/2017\/04\/DSCN1625-e1493020968589.jpg\" width=\"600\" height=\"800\" alt=\"d\u00e9tail dentelle dans le dos \" \/><\/a>\r\n<\/dt><dd class=\"gallery-caption\" id=\"caption344\"><span class=\"imagecaption\">d\u00e9tail dentelle dans le dos <\/span><br \/>\n<\/dd><\/dl><dl class=\"gallery-item\">\n<dt class=\"gallery-icon\">\r\n<a href=\"https:\/\/esprit-nomade.zygplume.fr\/wp-content\/uploads\/2017\/04\/DSCN1615-800x600.jpg\" title=\"haut \u00e0 fleurs\" rel=\"gallery1\"><img src=\"https:\/\/esprit-nomade.zygplume.fr\/wp-content\/uploads\/2017\/04\/DSCN1615-e1493020892679.jpg\" width=\"800\" height=\"600\" alt=\"haut \u00e0 fleurs\" \/><\/a>\r\n<\/dt><dd class=\"gallery-caption\" id=\"caption341\"><span class=\"imagecaption\">haut \u00e0 fleurs<\/span><br \/>\n<\/dd><\/dl><dl class=\"gallery-item\">\n<dt class=\"gallery-icon\">\r\n<a href=\"https:\/\/esprit-nomade.zygplume.fr\/wp-content\/uploads\/2017\/04\/DSCN1636-800x600.jpg\" title=\"haut bleu avec foulard \" rel=\"gallery1\"><img src=\"https:\/\/esprit-nomade.zygplume.fr\/wp-content\/uploads\/2017\/04\/DSCN1636-e1493021056212.jpg\" width=\"800\" height=\"600\" alt=\"haut bleu avec foulard \" \/><\/a>\r\n<\/dt><dd class=\"gallery-caption\" id=\"caption348\"><span class=\"imagecaption\">haut bleu avec foulard <\/span><br \/>\n<\/dd><\/dl><br style=\"clear: both\" \/>\r\n\t\t<\/div>\n\n<p style=\"text-align: center;\">\u00a0 <strong> Quelques d\u00e9tails de mes petits hauts<\/strong><\/p>\n\r\n\t\t<style type='text\/css'>\r\n\t\t\t#gallery-2 {\r\n\t\t\t\tmargin: auto;\r\n\t\t\t}\r\n\t\t\t#gallery-2 .gallery-item {\r\n\t\t\t\tfloat: left;\r\n\t\t\t\tmargin-top: 10px;\r\n\t\t\t\ttext-align: center;\r\n\t\t\t\twidth: 33%;\r\n\t\t\t}\r\n\t\t\t#gallery-2 img {\r\n\t\t\t\tborder: 2px solid #cfcfcf;\r\n\t\t\t}\r\n\t\t\t#gallery-2 .gallery-caption {\r\n\t\t\t\tmargin-left: 0;\r\n\t\t\t}\r\n\t\t<\/style>\r\n\t\t<!-- see gallery_shortcode() in wp-includes\/media.php -->\n\t\t<div id='gallery-2' class='gallery galleryid-339 gallery-columns-3 gallery-size-large gallery1'><script type=\"text\/javascript\">\r\n\/\/ <![CDATA[\r\n\tjQuery(document).ready(function () {\r\n\t\tjQuery(\".gallery1 a\").attr(\"rel\",\"gallery1\");\t\r\n\t\tjQuery('a[rel=\"gallery1\"]').colorbox({maxWidth:\"95%\", maxHeight:\"95%\",title: function(){ return jQuery(this).children().attr(\"alt\"); }, });\r\n\t});\r\n\/\/ ]]>\r\n<\/script>\n<dl class=\"gallery-item\">\n<dt class=\"gallery-icon\">\r\n<a href=\"https:\/\/esprit-nomade.zygplume.fr\/wp-content\/uploads\/2017\/04\/DSCN9043-800x600.jpg\" title=\"dentelle\" rel=\"gallery1\"><img src=\"https:\/\/esprit-nomade.zygplume.fr\/wp-content\/uploads\/2017\/04\/DSCN9043-800x600.jpg\" width=\"800\" height=\"600\" alt=\"dentelle\" \/><\/a>\r\n<\/dt><dd class=\"gallery-caption\" id=\"caption351\"><span class=\"imagecaption\">dentelle<\/span><br \/>\n<\/dd><\/dl><dl class=\"gallery-item\">\n<dt class=\"gallery-icon\">\r\n<a href=\"https:\/\/esprit-nomade.zygplume.fr\/wp-content\/uploads\/2017\/04\/DSCN9055-600x800.jpg\" title=\"dentelle\" rel=\"gallery1\"><img src=\"https:\/\/esprit-nomade.zygplume.fr\/wp-content\/uploads\/2017\/04\/DSCN9055-600x800.jpg\" width=\"600\" height=\"800\" alt=\"dentelle\" \/><\/a>\r\n<\/dt><dd class=\"gallery-caption\" id=\"caption354\"><span class=\"imagecaption\">dentelle<\/span><br \/>\n<\/dd><\/dl><dl class=\"gallery-item\">\n<dt class=\"gallery-icon\">\r\n<a href=\"https:\/\/esprit-nomade.zygplume.fr\/wp-content\/uploads\/2017\/04\/DSCN9049-800x600.jpg\" title=\"dentelle\" rel=\"gallery1\"><img src=\"https:\/\/esprit-nomade.zygplume.fr\/wp-content\/uploads\/2017\/04\/DSCN9049-800x600.jpg\" width=\"800\" height=\"600\" alt=\"dentelle\" \/><\/a>\r\n<\/dt><dd class=\"gallery-caption\" id=\"caption356\"><span class=\"imagecaption\">dentelle<\/span><br \/>\n<\/dd><\/dl><br style=\"clear: both\" \/><dl class=\"gallery-item\">\n<dt class=\"gallery-icon\">\r\n<a href=\"https:\/\/esprit-nomade.zygplume.fr\/wp-content\/uploads\/2017\/04\/DSCN9045-600x800.jpg\" title=\"dentelle\" rel=\"gallery1\"><img src=\"https:\/\/esprit-nomade.zygplume.fr\/wp-content\/uploads\/2017\/04\/DSCN9045-600x800.jpg\" width=\"600\" height=\"800\" alt=\"dentelle\" \/><\/a>\r\n<\/dt><dd class=\"gallery-caption\" id=\"caption352\"><span class=\"imagecaption\">dentelle<\/span><br \/>\n<\/dd><\/dl><dl class=\"gallery-item\">\n<dt class=\"gallery-icon\">\r\n<a href=\"https:\/\/esprit-nomade.zygplume.fr\/wp-content\/uploads\/2017\/04\/DSCN9047-800x600.jpg\" title=\"dentelle\" rel=\"gallery1\"><img src=\"https:\/\/esprit-nomade.zygplume.fr\/wp-content\/uploads\/2017\/04\/DSCN9047-800x600.jpg\" width=\"800\" height=\"600\" alt=\"dentelle\" \/><\/a>\r\n<\/dt><dd class=\"gallery-caption\" id=\"caption353\"><span class=\"imagecaption\">dentelle<\/span><br \/>\n<\/dd><\/dl><dl class=\"gallery-item\">\n<dt class=\"gallery-icon\">\r\n<a href=\"https:\/\/esprit-nomade.zygplume.fr\/wp-content\/uploads\/2017\/04\/DSCN9058-600x800.jpg\" title=\"dentelle\" rel=\"gallery1\"><img src=\"https:\/\/esprit-nomade.zygplume.fr\/wp-content\/uploads\/2017\/04\/DSCN9058-600x800.jpg\" width=\"600\" height=\"800\" alt=\"dentelle\" \/><\/a>\r\n<\/dt><dd class=\"gallery-caption\" id=\"caption355\"><span class=\"imagecaption\">dentelle<\/span><br \/>\n<\/dd><\/dl><br style=\"clear: both\" \/>\r\n\t\t<\/div>\n\n<p style=\"text-align: center;\"><strong>Voici une nouvelle s\u00e9rie : transformation de pantalons hommes en hauts pour femmes , toujours en pi\u00e8ce uniques &#8230; <\/strong><\/p>\n\r\n\t\t<style type='text\/css'>\r\n\t\t\t#gallery-3 {\r\n\t\t\t\tmargin: auto;\r\n\t\t\t}\r\n\t\t\t#gallery-3 .gallery-item {\r\n\t\t\t\tfloat: left;\r\n\t\t\t\tmargin-top: 10px;\r\n\t\t\t\ttext-align: center;\r\n\t\t\t\twidth: 25%;\r\n\t\t\t}\r\n\t\t\t#gallery-3 img {\r\n\t\t\t\tborder: 2px solid #cfcfcf;\r\n\t\t\t}\r\n\t\t\t#gallery-3 .gallery-caption {\r\n\t\t\t\tmargin-left: 0;\r\n\t\t\t}\r\n\t\t<\/style>\r\n\t\t<!-- see gallery_shortcode() in wp-includes\/media.php -->\n\t\t<div id='gallery-3' class='gallery galleryid-339 gallery-columns-4 gallery-size-full gallery1'><script type=\"text\/javascript\">\r\n\/\/ <![CDATA[\r\n\tjQuery(document).ready(function () {\r\n\t\tjQuery(\".gallery1 a\").attr(\"rel\",\"gallery1\");\t\r\n\t\tjQuery('a[rel=\"gallery1\"]').colorbox({maxWidth:\"95%\", maxHeight:\"95%\",title: function(){ return jQuery(this).children().attr(\"alt\"); }, });\r\n\t});\r\n\/\/ ]]>\r\n<\/script>\n<dl class=\"gallery-item\">\n<dt class=\"gallery-icon\">\r\n<a href=\"https:\/\/esprit-nomade.zygplume.fr\/wp-content\/uploads\/2017\/04\/DSCN9425-800x709.jpg\" title=\"haut r\u00e9alis\u00e9 \u00e0 partir d&#039;un pantalon d&#039;homme avec col \" rel=\"gallery1\"><img src=\"https:\/\/esprit-nomade.zygplume.fr\/wp-content\/uploads\/2017\/04\/DSCN9425-e1494431705537.jpg\" width=\"800\" height=\"709\" alt=\"haut r\u00e9alis\u00e9 \u00e0 partir d&#039;un pantalon d&#039;homme avec col \" \/><\/a>\r\n<\/dt><dd class=\"gallery-caption\" id=\"caption383\"><span class=\"imagecaption\">haut r\u00e9alis\u00e9 \u00e0 partir d'un pantalon d'homme avec col <\/span><br \/>\n<\/dd><\/dl><dl class=\"gallery-item\">\n<dt class=\"gallery-icon\">\r\n<a href=\"https:\/\/esprit-nomade.zygplume.fr\/wp-content\/uploads\/2017\/04\/DSCN9412-600x800.jpg\" title=\"haut r\u00e9alis\u00e9 \u00e0 partir d&#039;un pantalon d&#039;homme\" rel=\"gallery1\"><img src=\"https:\/\/esprit-nomade.zygplume.fr\/wp-content\/uploads\/2017\/04\/DSCN9412-e1494431592565.jpg\" width=\"600\" height=\"800\" alt=\"haut r\u00e9alis\u00e9 \u00e0 partir d&#039;un pantalon d&#039;homme\" \/><\/a>\r\n<\/dt><dd class=\"gallery-caption\" id=\"caption379\"><span class=\"imagecaption\">haut r\u00e9alis\u00e9 \u00e0 partir d'un pantalon d'homme<\/span><br \/>\n<\/dd><\/dl><dl class=\"gallery-item\">\n<dt class=\"gallery-icon\">\r\n<a href=\"https:\/\/esprit-nomade.zygplume.fr\/wp-content\/uploads\/2017\/04\/DSCN9409-800x600.jpg\" title=\"haut r\u00e9alis\u00e9 \u00e0 partir d&#039;un pantalon d&#039;homme avec \u00e9paulette\" rel=\"gallery1\"><img src=\"https:\/\/esprit-nomade.zygplume.fr\/wp-content\/uploads\/2017\/04\/DSCN9409-e1494431574274.jpg\" width=\"800\" height=\"600\" alt=\"haut r\u00e9alis\u00e9 \u00e0 partir d&#039;un pantalon d&#039;homme avec \u00e9paulette\" \/><\/a>\r\n<\/dt><dd class=\"gallery-caption\" id=\"caption378\"><span class=\"imagecaption\">haut r\u00e9alis\u00e9 \u00e0 partir d'un pantalon d'homme avec \u00e9paulette<\/span><br \/>\n<\/dd><\/dl><dl class=\"gallery-item\">\n<dt class=\"gallery-icon\">\r\n<a href=\"https:\/\/esprit-nomade.zygplume.fr\/wp-content\/uploads\/2017\/04\/DSCN9423-639x800.jpg\" title=\"d\u00e9tail dos \" rel=\"gallery1\"><img src=\"https:\/\/esprit-nomade.zygplume.fr\/wp-content\/uploads\/2017\/04\/DSCN9423-e1612026781938.jpg\" width=\"600\" height=\"751\" alt=\"d\u00e9tail dos \" \/><\/a>\r\n<\/dt><dd class=\"gallery-caption\" id=\"caption382\"><span class=\"imagecaption\">d\u00e9tail dos <\/span><br \/>\n<\/dd><\/dl><br style=\"clear: both\" \/><dl class=\"gallery-item\">\n<dt class=\"gallery-icon\">\r\n<a href=\"https:\/\/esprit-nomade.zygplume.fr\/wp-content\/uploads\/2017\/04\/DSCN9416-600x800.jpg\" title=\"d\u00e9tail dos \" rel=\"gallery1\"><img src=\"https:\/\/esprit-nomade.zygplume.fr\/wp-content\/uploads\/2017\/04\/DSCN9416-e1494431656942.jpg\" width=\"600\" height=\"800\" alt=\"d\u00e9tail dos \" \/><\/a>\r\n<\/dt><dd class=\"gallery-caption\" id=\"caption381\"><span class=\"imagecaption\">d\u00e9tail dos <\/span><br \/>\n<\/dd><\/dl><dl class=\"gallery-item\">\n<dt class=\"gallery-icon\">\r\n<a href=\"https:\/\/esprit-nomade.zygplume.fr\/wp-content\/uploads\/2017\/04\/DSCN9414-600x800.jpg\" title=\"haut r\u00e9alis\u00e9 \u00e0 partir d&#039;un pantalon d&#039;homme, avec ajout de dentelle \" rel=\"gallery1\"><img src=\"https:\/\/esprit-nomade.zygplume.fr\/wp-content\/uploads\/2017\/04\/DSCN9414-e1494431620351.jpg\" width=\"600\" height=\"800\" alt=\"haut r\u00e9alis\u00e9 \u00e0 partir d&#039;un pantalon d&#039;homme, avec ajout de dentelle \" \/><\/a>\r\n<\/dt><dd class=\"gallery-caption\" id=\"caption380\"><span class=\"imagecaption\">haut r\u00e9alis\u00e9 \u00e0 partir d'un pantalon d'homme, avec ajout de dentelle <\/span><br \/>\n<\/dd><\/dl>\r\n\t\t\t<br style='clear: both' \/>\r\n\t\t<\/div>\n\n<p style=\"text-align: center;\"><strong> Pour l&rsquo;hiver , des \u00e9charpes pour se tenir au chaud<\/strong><\/p>\n\r\n\t\t<style type='text\/css'>\r\n\t\t\t#gallery-4 {\r\n\t\t\t\tmargin: auto;\r\n\t\t\t}\r\n\t\t\t#gallery-4 .gallery-item {\r\n\t\t\t\tfloat: left;\r\n\t\t\t\tmargin-top: 10px;\r\n\t\t\t\ttext-align: center;\r\n\t\t\t\twidth: 25%;\r\n\t\t\t}\r\n\t\t\t#gallery-4 img {\r\n\t\t\t\tborder: 2px solid #cfcfcf;\r\n\t\t\t}\r\n\t\t\t#gallery-4 .gallery-caption {\r\n\t\t\t\tmargin-left: 0;\r\n\t\t\t}\r\n\t\t<\/style>\r\n\t\t<!-- see gallery_shortcode() in wp-includes\/media.php -->\n\t\t<div id='gallery-4' class='gallery galleryid-339 gallery-columns-4 gallery-size-full gallery1'><script type=\"text\/javascript\">\r\n\/\/ <![CDATA[\r\n\tjQuery(document).ready(function () {\r\n\t\tjQuery(\".gallery1 a\").attr(\"rel\",\"gallery1\");\t\r\n\t\tjQuery('a[rel=\"gallery1\"]').colorbox({maxWidth:\"95%\", maxHeight:\"95%\",title: function(){ return jQuery(this).children().attr(\"alt\"); }, });\r\n\t});\r\n\/\/ ]]>\r\n<\/script>\n<dl class=\"gallery-item\">\n<dt class=\"gallery-icon\">\r\n<a href=\"https:\/\/esprit-nomade.zygplume.fr\/wp-content\/uploads\/2017\/04\/DSCN9405-800x600.jpg\" title=\"\u00e9charpe doubl\u00e9e polaire\" rel=\"gallery1\"><img src=\"https:\/\/esprit-nomade.zygplume.fr\/wp-content\/uploads\/2017\/04\/DSCN9405-e1494430849507.jpg\" width=\"800\" height=\"600\" alt=\"\u00e9charpe doubl\u00e9e polaire\" \/><\/a>\r\n<\/dt><dd class=\"gallery-caption\" id=\"caption372\"><span class=\"imagecaption\">\u00e9charpe doubl\u00e9e polaire<\/span><br \/>\n<\/dd><\/dl><dl class=\"gallery-item\">\n<dt class=\"gallery-icon\">\r\n<a href=\"https:\/\/esprit-nomade.zygplume.fr\/wp-content\/uploads\/2017\/04\/DSCN9399-800x600.jpg\" title=\"\u00e9charpe doubl\u00e9e polaire\" rel=\"gallery1\"><img src=\"https:\/\/esprit-nomade.zygplume.fr\/wp-content\/uploads\/2017\/04\/DSCN9399-e1494430789366.jpg\" width=\"800\" height=\"600\" alt=\"\u00e9charpe doubl\u00e9e polaire\" \/><\/a>\r\n<\/dt><dd class=\"gallery-caption\" id=\"caption370\"><span class=\"imagecaption\">\u00e9charpe doubl\u00e9e polaire<\/span><br \/>\n<\/dd><\/dl><dl class=\"gallery-item\">\n<dt class=\"gallery-icon\">\r\n<a href=\"https:\/\/esprit-nomade.zygplume.fr\/wp-content\/uploads\/2017\/04\/DSCN9404-800x775.jpg\" title=\"\u00e9charpe doubl\u00e9e polaire\" rel=\"gallery1\"><img src=\"https:\/\/esprit-nomade.zygplume.fr\/wp-content\/uploads\/2017\/04\/DSCN9404-e1494430882778.jpg\" width=\"600\" height=\"582\" alt=\"\u00e9charpe doubl\u00e9e polaire\" \/><\/a>\r\n<\/dt><dd class=\"gallery-caption\" id=\"caption374\"><span class=\"imagecaption\">\u00e9charpe doubl\u00e9e polaire<\/span><br \/>\n<\/dd><\/dl><dl class=\"gallery-item\">\n<dt class=\"gallery-icon\">\r\n<a href=\"https:\/\/esprit-nomade.zygplume.fr\/wp-content\/uploads\/2017\/04\/DSCN9406-800x700.jpg\" title=\"\u00e9charpe doubl\u00e9e polaire\" rel=\"gallery1\"><img src=\"https:\/\/esprit-nomade.zygplume.fr\/wp-content\/uploads\/2017\/04\/DSCN9406-e1494430909685.jpg\" width=\"600\" height=\"525\" alt=\"\u00e9charpe doubl\u00e9e polaire\" \/><\/a>\r\n<\/dt><dd class=\"gallery-caption\" id=\"caption375\"><span class=\"imagecaption\">\u00e9charpe doubl\u00e9e polaire<\/span><br \/>\n<\/dd><\/dl><br style=\"clear: both\" \/><dl class=\"gallery-item\">\n<dt class=\"gallery-icon\">\r\n<a href=\"https:\/\/esprit-nomade.zygplume.fr\/wp-content\/uploads\/2017\/04\/DSCN9407-600x800.jpg\" title=\"\u00e9charpe doubl\u00e9e polaire\" rel=\"gallery1\"><img src=\"https:\/\/esprit-nomade.zygplume.fr\/wp-content\/uploads\/2017\/04\/DSCN9407-e1494430868827.jpg\" width=\"600\" height=\"800\" alt=\"\u00e9charpe doubl\u00e9e polaire\" \/><\/a>\r\n<\/dt><dd class=\"gallery-caption\" id=\"caption373\"><span class=\"imagecaption\">\u00e9charpe doubl\u00e9e polaire<\/span><br \/>\n<\/dd><\/dl><dl class=\"gallery-item\">\n<dt class=\"gallery-icon\">\r\n<a href=\"https:\/\/esprit-nomade.zygplume.fr\/wp-content\/uploads\/2017\/04\/DSCN9402-800x673.jpg\" title=\"\u00e9charpe doubl\u00e9e polaire\" rel=\"gallery1\"><img src=\"https:\/\/esprit-nomade.zygplume.fr\/wp-content\/uploads\/2017\/04\/DSCN9402-e1494430828948.jpg\" width=\"600\" height=\"504\" alt=\"\u00e9charpe doubl\u00e9e polaire\" \/><\/a>\r\n<\/dt><dd class=\"gallery-caption\" id=\"caption371\"><span class=\"imagecaption\">\u00e9charpe doubl\u00e9e polaire<\/span><br \/>\n<\/dd><\/dl>\r\n\t\t\t<br style='clear: both' \/>\r\n\t\t<\/div>\n\n<p style=\"text-align: center;\">Voici des <em>\u00e9charpes<\/em> brod\u00e9es avec des <em>runes<\/em> par une amie<\/p>\n\r\n\t\t<style type='text\/css'>\r\n\t\t\t#gallery-5 {\r\n\t\t\t\tmargin: auto;\r\n\t\t\t}\r\n\t\t\t#gallery-5 .gallery-item {\r\n\t\t\t\tfloat: left;\r\n\t\t\t\tmargin-top: 10px;\r\n\t\t\t\ttext-align: center;\r\n\t\t\t\twidth: 25%;\r\n\t\t\t}\r\n\t\t\t#gallery-5 img {\r\n\t\t\t\tborder: 2px solid #cfcfcf;\r\n\t\t\t}\r\n\t\t\t#gallery-5 .gallery-caption {\r\n\t\t\t\tmargin-left: 0;\r\n\t\t\t}\r\n\t\t<\/style>\r\n\t\t<!-- see gallery_shortcode() in wp-includes\/media.php -->\n\t\t<div id='gallery-5' class='gallery galleryid-339 gallery-columns-4 gallery-size-full gallery1'><script type=\"text\/javascript\">\r\n\/\/ <![CDATA[\r\n\tjQuery(document).ready(function () {\r\n\t\tjQuery(\".gallery1 a\").attr(\"rel\",\"gallery1\");\t\r\n\t\tjQuery('a[rel=\"gallery1\"]').colorbox({maxWidth:\"95%\", maxHeight:\"95%\",title: function(){ return jQuery(this).children().attr(\"alt\"); }, });\r\n\t});\r\n\/\/ ]]>\r\n<\/script>\n<dl class=\"gallery-item\">\n<dt class=\"gallery-icon\">\r\n<a href=\"https:\/\/esprit-nomade.zygplume.fr\/wp-content\/uploads\/2021\/01\/IMG_0403-600x800.jpg\" title=\"\" rel=\"gallery1\"><img src=\"https:\/\/esprit-nomade.zygplume.fr\/wp-content\/uploads\/2021\/01\/IMG_0403-scaled-e1612027648928.jpg\" width=\"600\" height=\"800\" alt=\"\" \/><\/a>\r\n<\/dt><\/dl><dl class=\"gallery-item\">\n<dt class=\"gallery-icon\">\r\n<a href=\"https:\/\/esprit-nomade.zygplume.fr\/wp-content\/uploads\/2021\/01\/IMG_0411-600x800.jpg\" title=\"Echarpe collection runik 3\" rel=\"gallery1\"><img src=\"https:\/\/esprit-nomade.zygplume.fr\/wp-content\/uploads\/2021\/01\/IMG_0411-scaled-e1612027967380.jpg\" width=\"600\" height=\"800\" alt=\"Echarpe collection runik 3\" \/><\/a>\r\n<\/dt><dd class=\"gallery-caption\" id=\"caption523\"><span class=\"imagecaption\">Echarpe collection runik 3<\/span><br \/>\n<\/dd><\/dl><dl class=\"gallery-item\">\n<dt class=\"gallery-icon\">\r\n<a href=\"https:\/\/esprit-nomade.zygplume.fr\/wp-content\/uploads\/2021\/01\/IMG_0415-600x800.jpg\" title=\"Echarpe collection runik 4\" rel=\"gallery1\"><img src=\"https:\/\/esprit-nomade.zygplume.fr\/wp-content\/uploads\/2021\/01\/IMG_0415-scaled-e1612028019956.jpg\" width=\"600\" height=\"800\" alt=\"Echarpe collection runik 4\" \/><\/a>\r\n<\/dt><dd class=\"gallery-caption\" id=\"caption524\"><span class=\"imagecaption\">Echarpe collection runik 4<\/span><br \/>\n<\/dd><\/dl><dl class=\"gallery-item\">\n<dt class=\"gallery-icon\">\r\n<a href=\"https:\/\/esprit-nomade.zygplume.fr\/wp-content\/uploads\/2021\/01\/IMG_0407-600x800.jpg\" title=\"Echarpe collection runik 2\" rel=\"gallery1\"><img src=\"https:\/\/esprit-nomade.zygplume.fr\/wp-content\/uploads\/2021\/01\/IMG_0407-scaled-e1612027911429.jpg\" width=\"600\" height=\"800\" alt=\"Echarpe collection runik 2\" \/><\/a>\r\n<\/dt><dd class=\"gallery-caption\" id=\"caption522\"><span class=\"imagecaption\">Echarpe collection runik 2<\/span><br \/>\n<\/dd><\/dl><br style=\"clear: both\" \/>\r\n\t\t<\/div>\n\n\n\n<p><\/p>\n","protected":false},"excerpt":{"rendered":"<p>Voici ici quelques pi\u00e8ces uniques &#8230; J&rsquo;aime recycler certains tissus comme des foulards anciens et vieilles dentelles , que j&rsquo;accorde \u00e0 des tissus actuels pour en faire des hauts l\u00e9gers pour l&rsquo;\u00e9t\u00e9&#8230; \u00a0 Quelques d\u00e9tails de mes petits hauts Voici une nouvelle s\u00e9rie : transformation de pantalons hommes en hauts pour femmes , toujours en &hellip; <\/p>\n<p><a class=\"more-link btn\" href=\"https:\/\/esprit-nomade.zygplume.fr\/?page_id=339\">Lire la suite<\/a><\/p>\n","protected":false},"author":3607,"featured_media":0,"parent":0,"menu_order":0,"comment_status":"closed","ping_status":"closed","template":"","meta":[],"_links":{"self":[{"href":"https:\/\/esprit-nomade.zygplume.fr\/index.php?rest_route=\/wp\/v2\/pages\/339"}],"collection":[{"href":"https:\/\/esprit-nomade.zygplume.fr\/index.php?rest_route=\/wp\/v2\/pages"}],"about":[{"href":"https:\/\/esprit-nomade.zygplume.fr\/index.php?rest_route=\/wp\/v2\/types\/page"}],"author":[{"embeddable":true,"href":"https:\/\/esprit-nomade.zygplume.fr\/index.php?rest_route=\/wp\/v2\/users\/3607"}],"replies":[{"embeddable":true,"href":"https:\/\/esprit-nomade.zygplume.fr\/index.php?rest_route=%2Fwp%2Fv2%2Fcomments&post=339"}],"version-history":[{"count":26,"href":"https:\/\/esprit-nomade.zygplume.fr\/index.php?rest_route=\/wp\/v2\/pages\/339\/revisions"}],"predecessor-version":[{"id":579,"href":"https:\/\/esprit-nomade.zygplume.fr\/index.php?rest_route=\/wp\/v2\/pages\/339\/revisions\/579"}],"wp:attachment":[{"href":"https:\/\/esprit-nomade.zygplume.fr\/index.php?rest_route=%2Fwp%2Fv2%2Fmedia&parent=339"}],"curies":[{"name":"wp","href":"https:\/\/api.w.org\/{rel}","templated":true}]}}