{"id":580,"date":"2021-04-08T17:17:06","date_gmt":"2021-04-08T15:17:06","guid":{"rendered":"http:\/\/esprit-nomade.zygplume.fr\/?page_id=580"},"modified":"2021-04-08T17:28:40","modified_gmt":"2021-04-08T15:28:40","slug":"robe-collection-nomad-enfant","status":"publish","type":"page","link":"https:\/\/esprit-nomade.zygplume.fr\/?page_id=580","title":{"rendered":"Robe enfant"},"content":{"rendered":"\n<p class=\"has-text-align-center\">Nouvelle collection de robes enfants  pour l&rsquo;\u00e9t\u00e9 , de 2 \u00e0 8 ans. <\/p>\n\n\n\n<p class=\"has-text-align-center\"><strong><span class=\"has-inline-color has-vivid-purple-color\">Robe Nomad&rsquo;<\/span><\/strong><\/p>\n\n\n\n<p class=\"has-text-align-center\">Robe cr\u00e9\u00e9e \u00e0 partir de jupes anciennes ,<\/p>\n\n\n\n<p class=\"has-text-align-center\"> haut en lin , <\/p>\n\n\n\n<p class=\"has-text-align-center\">ceinture de couleur tranch\u00e9e, <\/p>\n\n\n\n<p class=\"has-text-align-center\">petites pressions de couleurs au dos .<\/p>\n\n\n\n<figure class=\"wp-container-2 wp-block-gallery-1 wp-block-gallery columns-3 is-cropped\"><ul class=\"blocks-gallery-grid\"><li class=\"blocks-gallery-item\"><figure><img loading=\"lazy\" width=\"800\" height=\"625\" src=\"http:\/\/esprit-nomade.zygplume.fr\/wp-content\/uploads\/2021\/04\/DSCN9872-800x625.jpg\" alt=\"robe bleue \u00e0 fleurs blanches avec haut en lin . ceinture bleue .mod\u00e8le unique\" data-id=\"586\" data-full-url=\"http:\/\/esprit-nomade.zygplume.fr\/wp-content\/uploads\/2021\/04\/DSCN9872-scaled-e1617894871625.jpg\" data-link=\"http:\/\/esprit-nomade.zygplume.fr\/?attachment_id=586\" class=\"wp-image-586\"\/><figcaption class=\"blocks-gallery-item__caption\">robe 2 ans bleue avec haut en lin , ceinture bleue . possibilit\u00e9 de serre t\u00eate assorti.<\/figcaption><\/figure><\/li><li class=\"blocks-gallery-item\"><figure><img src=\"http:\/\/esprit-nomade.zygplume.fr\/wp-content\/uploads\/2021\/04\/DSCN9883-600x800.jpg\" alt=\"robe bleue \u00e0 fleurs blanches avec haut en lin . ceinture bleue .mod\u00e8le unique\" data-id=\"585\" data-full-url=\"http:\/\/esprit-nomade.zygplume.fr\/wp-content\/uploads\/2021\/04\/DSCN9883-scaled.jpg\" data-link=\"http:\/\/esprit-nomade.zygplume.fr\/?attachment_id=585\" class=\"wp-image-585\"\/><figcaption class=\"blocks-gallery-item__caption\">robe 2 ans bleue avec haut en lin , ceinture bleue . possibilit\u00e9 de serre t\u00eate assorti.<\/figcaption><\/figure><\/li><li class=\"blocks-gallery-item\"><figure><img loading=\"lazy\" width=\"610\" height=\"800\" src=\"http:\/\/esprit-nomade.zygplume.fr\/wp-content\/uploads\/2021\/04\/DSCN9898-610x800.jpg\" alt=\"robe rose \u00e0 fleurs blanches avec haut en lin . ceinture rouge .Mod\u00e8le unique\" data-id=\"584\" data-full-url=\"http:\/\/esprit-nomade.zygplume.fr\/wp-content\/uploads\/2021\/04\/DSCN9898-scaled-e1617894674837.jpg\" data-link=\"http:\/\/esprit-nomade.zygplume.fr\/?attachment_id=584\" class=\"wp-image-584\"\/><figcaption class=\"blocks-gallery-item__caption\">robe 2 ans rose avec haut en lin , ceinture rouge . possibilit\u00e9 de serre t\u00eate assorti.<\/figcaption><\/figure><\/li><li class=\"blocks-gallery-item\"><figure><img loading=\"lazy\" width=\"800\" height=\"757\" src=\"http:\/\/esprit-nomade.zygplume.fr\/wp-content\/uploads\/2021\/04\/DSCN9899-1-800x757.jpg\" alt=\"robe rose \u00e0 fleurs blanches avec haut en lin . ceinture rouge .Mod\u00e8le unique\" data-id=\"583\" data-full-url=\"http:\/\/esprit-nomade.zygplume.fr\/wp-content\/uploads\/2021\/04\/DSCN9899-1-scaled-e1617894441164.jpg\" data-link=\"http:\/\/esprit-nomade.zygplume.fr\/?attachment_id=583\" class=\"wp-image-583\"\/><figcaption class=\"blocks-gallery-item__caption\">robe 2 ans rose avec haut en lin , ceinture rouge . possibilit\u00e9 de serre t\u00eate assorti.<\/figcaption><\/figure><\/li><\/ul><\/figure>\n","protected":false},"excerpt":{"rendered":"<p>Nouvelle collection de robes enfants pour l&rsquo;\u00e9t\u00e9 , de 2 \u00e0 8 ans. Robe Nomad&rsquo; Robe cr\u00e9\u00e9e \u00e0 partir de jupes anciennes , haut en lin , ceinture de couleur tranch\u00e9e, petites pressions de couleurs au dos .<\/p>\n","protected":false},"author":3607,"featured_media":0,"parent":0,"menu_order":0,"comment_status":"closed","ping_status":"closed","template":"","meta":[],"_links":{"self":[{"href":"https:\/\/esprit-nomade.zygplume.fr\/index.php?rest_route=\/wp\/v2\/pages\/580"}],"collection":[{"href":"https:\/\/esprit-nomade.zygplume.fr\/index.php?rest_route=\/wp\/v2\/pages"}],"about":[{"href":"https:\/\/esprit-nomade.zygplume.fr\/index.php?rest_route=\/wp\/v2\/types\/page"}],"author":[{"embeddable":true,"href":"https:\/\/esprit-nomade.zygplume.fr\/index.php?rest_route=\/wp\/v2\/users\/3607"}],"replies":[{"embeddable":true,"href":"https:\/\/esprit-nomade.zygplume.fr\/index.php?rest_route=%2Fwp%2Fv2%2Fcomments&post=580"}],"version-history":[{"count":5,"href":"https:\/\/esprit-nomade.zygplume.fr\/index.php?rest_route=\/wp\/v2\/pages\/580\/revisions"}],"predecessor-version":[{"id":593,"href":"https:\/\/esprit-nomade.zygplume.fr\/index.php?rest_route=\/wp\/v2\/pages\/580\/revisions\/593"}],"wp:attachment":[{"href":"https:\/\/esprit-nomade.zygplume.fr\/index.php?rest_route=%2Fwp%2Fv2%2Fmedia&parent=580"}],"curies":[{"name":"wp","href":"https:\/\/api.w.org\/{rel}","templated":true}]}}