{"id":595,"date":"2022-01-12T15:29:30","date_gmt":"2022-01-12T14:29:30","guid":{"rendered":"http:\/\/esprit-nomade.zygplume.fr\/?page_id=595"},"modified":"2022-01-30T13:05:22","modified_gmt":"2022-01-30T12:05:22","slug":"ecoprint","status":"publish","type":"page","link":"https:\/\/esprit-nomade.zygplume.fr\/?page_id=595","title":{"rendered":"Ecoprint"},"content":{"rendered":"\n<p><\/p>\n\n\n\n<figure class=\"wp-container-2 wp-block-gallery-1 wp-block-gallery columns-3 is-cropped\"><ul class=\"blocks-gallery-grid\"><li class=\"blocks-gallery-item\"><figure><img loading=\"lazy\" width=\"600\" height=\"800\" src=\"http:\/\/esprit-nomade.zygplume.fr\/wp-content\/uploads\/2022\/01\/IMG_2331-scaled-e1643542351235.jpg\" alt=\"\" data-id=\"617\" data-full-url=\"http:\/\/esprit-nomade.zygplume.fr\/wp-content\/uploads\/2022\/01\/IMG_2331-scaled-e1643542351235.jpg\" data-link=\"http:\/\/esprit-nomade.zygplume.fr\/?attachment_id=617\" class=\"wp-image-617\"\/><figcaption class=\"blocks-gallery-item__caption\">pr\u00e9paration , disposition<\/figcaption><\/figure><\/li><li class=\"blocks-gallery-item\"><figure><img loading=\"lazy\" width=\"600\" height=\"800\" src=\"http:\/\/esprit-nomade.zygplume.fr\/wp-content\/uploads\/2022\/01\/IMG_2333-scaled-e1643542396548.jpg\" alt=\"\" data-id=\"618\" data-full-url=\"http:\/\/esprit-nomade.zygplume.fr\/wp-content\/uploads\/2022\/01\/IMG_2333-scaled-e1643542396548.jpg\" data-link=\"http:\/\/esprit-nomade.zygplume.fr\/?attachment_id=618\" class=\"wp-image-618\"\/><figcaption class=\"blocks-gallery-item__caption\">dahlia et foug\u00e8re<\/figcaption><\/figure><\/li><li class=\"blocks-gallery-item\"><figure><img loading=\"lazy\" width=\"600\" height=\"800\" src=\"http:\/\/esprit-nomade.zygplume.fr\/wp-content\/uploads\/2022\/01\/IMG_2335-scaled-e1643542425774.jpg\" alt=\"\" data-id=\"619\" data-full-url=\"http:\/\/esprit-nomade.zygplume.fr\/wp-content\/uploads\/2022\/01\/IMG_2335-scaled-e1643542425774.jpg\" data-link=\"http:\/\/esprit-nomade.zygplume.fr\/?attachment_id=619\" class=\"wp-image-619\"\/><figcaption class=\"blocks-gallery-item__caption\">rouleaux pr\u00eats pour la vapeur<\/figcaption><\/figure><\/li><li class=\"blocks-gallery-item\"><figure><img loading=\"lazy\" width=\"600\" height=\"800\" src=\"http:\/\/esprit-nomade.zygplume.fr\/wp-content\/uploads\/2022\/01\/IMG_2228-1-scaled-e1643541867693.jpg\" alt=\"\" data-id=\"608\" data-full-url=\"http:\/\/esprit-nomade.zygplume.fr\/wp-content\/uploads\/2022\/01\/IMG_2228-1-scaled-e1643541867693.jpg\" data-link=\"http:\/\/esprit-nomade.zygplume.fr\/?attachment_id=608\" class=\"wp-image-608\"\/><figcaption class=\"blocks-gallery-item__caption\">juste \u00e0 la sortie de la vapeur <\/figcaption><\/figure><\/li><\/ul><\/figure>\n\n\n\n<div class=\"wp-block-image\"><figure class=\"aligncenter size-full\"><img loading=\"lazy\" width=\"600\" height=\"800\" src=\"http:\/\/esprit-nomade.zygplume.fr\/wp-content\/uploads\/2022\/01\/IMG_2497-2-scaled-e1643541829473.jpg\" alt=\"sac toile de jute , int\u00e9rieur doubl\u00e9 tissu recycl\u00e9 , motifs \u00e9coprint \" class=\"wp-image-601\"\/><figcaption>sac toile de jute , int\u00e9rieur doubl\u00e9 tissu recycl\u00e9 , motifs \u00e9coprint <\/figcaption><\/figure><\/div>\n\n\n\n<div class=\"wp-block-image\"><figure class=\"aligncenter size-full\"><img loading=\"lazy\" width=\"600\" height=\"800\" src=\"http:\/\/esprit-nomade.zygplume.fr\/wp-content\/uploads\/2022\/01\/IMG_2554-scaled-e1643541854770.jpg\" alt=\"\u00e9charpes en coton recycl\u00e9, doublure polaire 90 pour cent recycl\u00e9\" class=\"wp-image-605\"\/><figcaption>\u00e9charpes en coton recycl\u00e9, doublure polaire 90 pour cent recycl\u00e9<\/figcaption><\/figure><\/div>\n\n\n\n<div class=\"wp-block-image\"><figure class=\"aligncenter size-full\"><img loading=\"lazy\" width=\"600\" height=\"600\" src=\"http:\/\/esprit-nomade.zygplume.fr\/wp-content\/uploads\/2022\/01\/WOSV1044-e1643541802784.jpg\" alt=\"trousse\" class=\"wp-image-598\"\/><figcaption>trousse<\/figcaption><\/figure><\/div>\n\n\n\n<figure class=\"wp-container-4 wp-block-gallery-3 wp-block-gallery columns-3 is-cropped\"><ul class=\"blocks-gallery-grid\"><li class=\"blocks-gallery-item\"><figure><img loading=\"lazy\" width=\"600\" height=\"800\" src=\"http:\/\/esprit-nomade.zygplume.fr\/wp-content\/uploads\/2022\/01\/IMG_2502-scaled-e1643542544694.jpg\" alt=\"\" data-id=\"622\" data-full-url=\"http:\/\/esprit-nomade.zygplume.fr\/wp-content\/uploads\/2022\/01\/IMG_2502-scaled-e1643542544694.jpg\" data-link=\"http:\/\/esprit-nomade.zygplume.fr\/?attachment_id=622\" class=\"wp-image-622\"\/><figcaption class=\"blocks-gallery-item__caption\">trousse<\/figcaption><\/figure><\/li><li class=\"blocks-gallery-item\"><figure><img loading=\"lazy\" width=\"600\" height=\"800\" src=\"http:\/\/esprit-nomade.zygplume.fr\/wp-content\/uploads\/2022\/01\/IMG_2503-scaled-e1643542564200.jpg\" alt=\"\" data-id=\"623\" data-full-url=\"http:\/\/esprit-nomade.zygplume.fr\/wp-content\/uploads\/2022\/01\/IMG_2503-scaled-e1643542564200.jpg\" data-link=\"http:\/\/esprit-nomade.zygplume.fr\/?attachment_id=623\" class=\"wp-image-623\"\/><figcaption class=\"blocks-gallery-item__caption\">trousse<\/figcaption><\/figure><\/li><li class=\"blocks-gallery-item\"><figure><img loading=\"lazy\" width=\"600\" height=\"800\" src=\"http:\/\/esprit-nomade.zygplume.fr\/wp-content\/uploads\/2022\/01\/IMG_2509-scaled-e1643542616481.jpg\" alt=\"\" data-id=\"627\" data-full-url=\"http:\/\/esprit-nomade.zygplume.fr\/wp-content\/uploads\/2022\/01\/IMG_2509-scaled-e1643542616481.jpg\" data-link=\"http:\/\/esprit-nomade.zygplume.fr\/?attachment_id=627\" class=\"wp-image-627\"\/><figcaption class=\"blocks-gallery-item__caption\">trousse<\/figcaption><\/figure><\/li><li class=\"blocks-gallery-item\"><figure><img loading=\"lazy\" width=\"600\" height=\"800\" src=\"http:\/\/esprit-nomade.zygplume.fr\/wp-content\/uploads\/2022\/01\/IMG_2506-scaled-e1643542602541.jpg\" alt=\"\" data-id=\"626\" data-full-url=\"http:\/\/esprit-nomade.zygplume.fr\/wp-content\/uploads\/2022\/01\/IMG_2506-scaled-e1643542602541.jpg\" data-link=\"http:\/\/esprit-nomade.zygplume.fr\/?attachment_id=626\" class=\"wp-image-626\"\/><figcaption class=\"blocks-gallery-item__caption\">trousse<\/figcaption><\/figure><\/li><li class=\"blocks-gallery-item\"><figure><img loading=\"lazy\" width=\"600\" height=\"800\" src=\"http:\/\/esprit-nomade.zygplume.fr\/wp-content\/uploads\/2022\/01\/IMG_2505-scaled-e1643542588839.jpg\" alt=\"\" data-id=\"625\" data-full-url=\"http:\/\/esprit-nomade.zygplume.fr\/wp-content\/uploads\/2022\/01\/IMG_2505-scaled-e1643542588839.jpg\" data-link=\"http:\/\/esprit-nomade.zygplume.fr\/?attachment_id=625\" class=\"wp-image-625\"\/><figcaption class=\"blocks-gallery-item__caption\">trousse<\/figcaption><\/figure><\/li><li class=\"blocks-gallery-item\"><figure><img loading=\"lazy\" width=\"600\" height=\"800\" src=\"http:\/\/esprit-nomade.zygplume.fr\/wp-content\/uploads\/2022\/01\/IMG_2504-scaled-e1643542577168.jpg\" alt=\"\" data-id=\"624\" data-full-url=\"http:\/\/esprit-nomade.zygplume.fr\/wp-content\/uploads\/2022\/01\/IMG_2504-scaled-e1643542577168.jpg\" data-link=\"http:\/\/esprit-nomade.zygplume.fr\/?attachment_id=624\" class=\"wp-image-624\"\/><figcaption class=\"blocks-gallery-item__caption\">trousse<\/figcaption><\/figure><\/li><\/ul><\/figure>\n\n\n\n<div class=\"wp-block-image\"><figure class=\"aligncenter size-full\"><img loading=\"lazy\" width=\"600\" height=\"800\" src=\"http:\/\/esprit-nomade.zygplume.fr\/wp-content\/uploads\/2022\/01\/IMG_2552-scaled-e1643542636604.jpg\" alt=\"\" class=\"wp-image-628\"\/><figcaption>tour de cou ferm\u00e9 par un bouton<\/figcaption><\/figure><\/div>\n\n\n\n<figure class=\"wp-container-6 wp-block-gallery-5 wp-block-gallery columns-3 is-cropped\"><ul class=\"blocks-gallery-grid\"><li class=\"blocks-gallery-item\"><figure><img loading=\"lazy\" width=\"800\" height=\"600\" src=\"http:\/\/esprit-nomade.zygplume.fr\/wp-content\/uploads\/2022\/01\/IMG_2565-scaled-e1643542737637.jpg\" alt=\"\" data-id=\"633\" data-full-url=\"http:\/\/esprit-nomade.zygplume.fr\/wp-content\/uploads\/2022\/01\/IMG_2565-scaled-e1643542737637.jpg\" data-link=\"http:\/\/esprit-nomade.zygplume.fr\/?attachment_id=633\" class=\"wp-image-633\"\/><\/figure><\/li><li class=\"blocks-gallery-item\"><figure><img loading=\"lazy\" width=\"800\" height=\"600\" src=\"http:\/\/esprit-nomade.zygplume.fr\/wp-content\/uploads\/2022\/01\/IMG_2564-scaled-e1643542723617.jpg\" alt=\"\" data-id=\"632\" data-full-url=\"http:\/\/esprit-nomade.zygplume.fr\/wp-content\/uploads\/2022\/01\/IMG_2564-scaled-e1643542723617.jpg\" data-link=\"http:\/\/esprit-nomade.zygplume.fr\/?attachment_id=632\" class=\"wp-image-632\"\/><\/figure><\/li><li class=\"blocks-gallery-item\"><figure><img loading=\"lazy\" width=\"800\" height=\"600\" src=\"http:\/\/esprit-nomade.zygplume.fr\/wp-content\/uploads\/2022\/01\/IMG_2563-scaled-e1643542708377.jpg\" alt=\"\" data-id=\"631\" data-full-url=\"http:\/\/esprit-nomade.zygplume.fr\/wp-content\/uploads\/2022\/01\/IMG_2563-scaled-e1643542708377.jpg\" data-link=\"http:\/\/esprit-nomade.zygplume.fr\/?attachment_id=631\" class=\"wp-image-631\"\/><\/figure><\/li><li class=\"blocks-gallery-item\"><figure><img loading=\"lazy\" width=\"800\" height=\"600\" src=\"http:\/\/esprit-nomade.zygplume.fr\/wp-content\/uploads\/2022\/01\/IMG_2562-scaled-e1643542693749.jpg\" alt=\"\" data-id=\"630\" data-full-url=\"http:\/\/esprit-nomade.zygplume.fr\/wp-content\/uploads\/2022\/01\/IMG_2562-scaled-e1643542693749.jpg\" data-link=\"http:\/\/esprit-nomade.zygplume.fr\/?attachment_id=630\" class=\"wp-image-630\"\/><\/figure><\/li><li class=\"blocks-gallery-item\"><figure><img loading=\"lazy\" width=\"800\" height=\"600\" src=\"http:\/\/esprit-nomade.zygplume.fr\/wp-content\/uploads\/2022\/01\/IMG_2561-scaled-e1643542675357.jpg\" alt=\"\" data-id=\"629\" data-full-url=\"http:\/\/esprit-nomade.zygplume.fr\/wp-content\/uploads\/2022\/01\/IMG_2561-scaled-e1643542675357.jpg\" data-link=\"http:\/\/esprit-nomade.zygplume.fr\/?attachment_id=629\" class=\"wp-image-629\"\/><figcaption class=\"blocks-gallery-item__caption\">tour de cou ferm\u00e9 par un bouton<\/figcaption><\/figure><\/li><\/ul><\/figure>\n\n\n\n<div class=\"wp-block-image\"><figure class=\"aligncenter size-full\"><img loading=\"lazy\" width=\"600\" height=\"800\" src=\"http:\/\/esprit-nomade.zygplume.fr\/wp-content\/uploads\/2022\/01\/IMG_2493-scaled-e1643542499651.jpg\" alt=\"Chemin de table : \u00e9rable , noyer, ginkobiloba\" class=\"wp-image-621\"\/><figcaption>centre de table<\/figcaption><\/figure><\/div>\n\n\n\n<figure class=\"wp-container-8 wp-block-gallery-7 wp-block-gallery columns-3 is-cropped\"><ul class=\"blocks-gallery-grid\"><li class=\"blocks-gallery-item\"><figure><img loading=\"lazy\" width=\"800\" height=\"600\" src=\"http:\/\/esprit-nomade.zygplume.fr\/wp-content\/uploads\/2022\/01\/IMG_2235-scaled-e1643541879843.jpg\" alt=\"\" data-id=\"609\" data-full-url=\"http:\/\/esprit-nomade.zygplume.fr\/wp-content\/uploads\/2022\/01\/IMG_2235-scaled-e1643541879843.jpg\" data-link=\"http:\/\/esprit-nomade.zygplume.fr\/?attachment_id=609\" class=\"wp-image-609\"\/><figcaption class=\"blocks-gallery-item__caption\">s\u00e9chage \u00e0 l&rsquo;air<\/figcaption><\/figure><\/li><li class=\"blocks-gallery-item\"><figure><img loading=\"lazy\" width=\"1920\" height=\"2560\" src=\"http:\/\/esprit-nomade.zygplume.fr\/wp-content\/uploads\/2022\/01\/IMG_2237-scaled.jpg\" alt=\"\" data-id=\"610\" data-full-url=\"http:\/\/esprit-nomade.zygplume.fr\/wp-content\/uploads\/2022\/01\/IMG_2237-scaled.jpg\" data-link=\"http:\/\/esprit-nomade.zygplume.fr\/?attachment_id=610\" class=\"wp-image-610\" srcset=\"https:\/\/esprit-nomade.zygplume.fr\/wp-content\/uploads\/2022\/01\/IMG_2237-scaled.jpg 1920w, https:\/\/esprit-nomade.zygplume.fr\/wp-content\/uploads\/2022\/01\/IMG_2237-225x300.jpg 225w, https:\/\/esprit-nomade.zygplume.fr\/wp-content\/uploads\/2022\/01\/IMG_2237-600x800.jpg 600w, https:\/\/esprit-nomade.zygplume.fr\/wp-content\/uploads\/2022\/01\/IMG_2237-113x150.jpg 113w, https:\/\/esprit-nomade.zygplume.fr\/wp-content\/uploads\/2022\/01\/IMG_2237-768x1024.jpg 768w, https:\/\/esprit-nomade.zygplume.fr\/wp-content\/uploads\/2022\/01\/IMG_2237-1152x1536.jpg 1152w, https:\/\/esprit-nomade.zygplume.fr\/wp-content\/uploads\/2022\/01\/IMG_2237-1536x2048.jpg 1536w, https:\/\/esprit-nomade.zygplume.fr\/wp-content\/uploads\/2022\/01\/IMG_2237-1140x1520.jpg 1140w\" sizes=\"(max-width: 1920px) 100vw, 1920px\" \/><figcaption class=\"blocks-gallery-item__caption\"> ch\u00e2taignier, ch\u00eane, foug\u00e8re, oeillet d&rsquo;inde<\/figcaption><\/figure><\/li><li class=\"blocks-gallery-item\"><figure><img loading=\"lazy\" width=\"1920\" height=\"2560\" src=\"http:\/\/esprit-nomade.zygplume.fr\/wp-content\/uploads\/2022\/01\/IMG_2236-scaled.jpg\" alt=\"\" data-id=\"611\" data-full-url=\"http:\/\/esprit-nomade.zygplume.fr\/wp-content\/uploads\/2022\/01\/IMG_2236-scaled.jpg\" data-link=\"http:\/\/esprit-nomade.zygplume.fr\/?attachment_id=611\" class=\"wp-image-611\" srcset=\"https:\/\/esprit-nomade.zygplume.fr\/wp-content\/uploads\/2022\/01\/IMG_2236-scaled.jpg 1920w, https:\/\/esprit-nomade.zygplume.fr\/wp-content\/uploads\/2022\/01\/IMG_2236-225x300.jpg 225w, https:\/\/esprit-nomade.zygplume.fr\/wp-content\/uploads\/2022\/01\/IMG_2236-600x800.jpg 600w, https:\/\/esprit-nomade.zygplume.fr\/wp-content\/uploads\/2022\/01\/IMG_2236-113x150.jpg 113w, https:\/\/esprit-nomade.zygplume.fr\/wp-content\/uploads\/2022\/01\/IMG_2236-768x1024.jpg 768w, https:\/\/esprit-nomade.zygplume.fr\/wp-content\/uploads\/2022\/01\/IMG_2236-1152x1536.jpg 1152w, https:\/\/esprit-nomade.zygplume.fr\/wp-content\/uploads\/2022\/01\/IMG_2236-1536x2048.jpg 1536w, https:\/\/esprit-nomade.zygplume.fr\/wp-content\/uploads\/2022\/01\/IMG_2236-1140x1520.jpg 1140w\" sizes=\"(max-width: 1920px) 100vw, 1920px\" \/><figcaption class=\"blocks-gallery-item__caption\">feuille acacia, ch\u00eane, \u0153illet d inde<\/figcaption><\/figure><\/li><li class=\"blocks-gallery-item\"><figure><img loading=\"lazy\" width=\"1920\" height=\"2560\" src=\"http:\/\/esprit-nomade.zygplume.fr\/wp-content\/uploads\/2022\/01\/IMG_2246-scaled.jpg\" alt=\"\" data-id=\"612\" data-full-url=\"http:\/\/esprit-nomade.zygplume.fr\/wp-content\/uploads\/2022\/01\/IMG_2246-scaled.jpg\" data-link=\"http:\/\/esprit-nomade.zygplume.fr\/?attachment_id=612\" class=\"wp-image-612\" srcset=\"https:\/\/esprit-nomade.zygplume.fr\/wp-content\/uploads\/2022\/01\/IMG_2246-scaled.jpg 1920w, https:\/\/esprit-nomade.zygplume.fr\/wp-content\/uploads\/2022\/01\/IMG_2246-225x300.jpg 225w, https:\/\/esprit-nomade.zygplume.fr\/wp-content\/uploads\/2022\/01\/IMG_2246-600x800.jpg 600w, https:\/\/esprit-nomade.zygplume.fr\/wp-content\/uploads\/2022\/01\/IMG_2246-113x150.jpg 113w, https:\/\/esprit-nomade.zygplume.fr\/wp-content\/uploads\/2022\/01\/IMG_2246-768x1024.jpg 768w, https:\/\/esprit-nomade.zygplume.fr\/wp-content\/uploads\/2022\/01\/IMG_2246-1152x1536.jpg 1152w, https:\/\/esprit-nomade.zygplume.fr\/wp-content\/uploads\/2022\/01\/IMG_2246-1536x2048.jpg 1536w, https:\/\/esprit-nomade.zygplume.fr\/wp-content\/uploads\/2022\/01\/IMG_2246-1140x1520.jpg 1140w\" sizes=\"(max-width: 1920px) 100vw, 1920px\" \/><figcaption class=\"blocks-gallery-item__caption\">eucalyptus, \u0153illet d inde<\/figcaption><\/figure><\/li><li class=\"blocks-gallery-item\"><figure><img loading=\"lazy\" width=\"600\" height=\"800\" src=\"http:\/\/esprit-nomade.zygplume.fr\/wp-content\/uploads\/2022\/01\/IMG_2238-scaled-e1643541890255.jpg\" alt=\"\" data-id=\"613\" data-full-url=\"http:\/\/esprit-nomade.zygplume.fr\/wp-content\/uploads\/2022\/01\/IMG_2238-scaled-e1643541890255.jpg\" data-link=\"http:\/\/esprit-nomade.zygplume.fr\/?attachment_id=613\" class=\"wp-image-613\"\/><figcaption class=\"blocks-gallery-item__caption\">acacia, ch\u00eane, ch\u00e2taignier, \u0153illet d inde<\/figcaption><\/figure><\/li><\/ul><\/figure>\n","protected":false},"excerpt":{"rendered":"","protected":false},"author":3607,"featured_media":0,"parent":0,"menu_order":0,"comment_status":"closed","ping_status":"closed","template":"","meta":[],"_links":{"self":[{"href":"https:\/\/esprit-nomade.zygplume.fr\/index.php?rest_route=\/wp\/v2\/pages\/595"}],"collection":[{"href":"https:\/\/esprit-nomade.zygplume.fr\/index.php?rest_route=\/wp\/v2\/pages"}],"about":[{"href":"https:\/\/esprit-nomade.zygplume.fr\/index.php?rest_route=\/wp\/v2\/types\/page"}],"author":[{"embeddable":true,"href":"https:\/\/esprit-nomade.zygplume.fr\/index.php?rest_route=\/wp\/v2\/users\/3607"}],"replies":[{"embeddable":true,"href":"https:\/\/esprit-nomade.zygplume.fr\/index.php?rest_route=%2Fwp%2Fv2%2Fcomments&post=595"}],"version-history":[{"count":21,"href":"https:\/\/esprit-nomade.zygplume.fr\/index.php?rest_route=\/wp\/v2\/pages\/595\/revisions"}],"predecessor-version":[{"id":656,"href":"https:\/\/esprit-nomade.zygplume.fr\/index.php?rest_route=\/wp\/v2\/pages\/595\/revisions\/656"}],"wp:attachment":[{"href":"https:\/\/esprit-nomade.zygplume.fr\/index.php?rest_route=%2Fwp%2Fv2%2Fmedia&parent=595"}],"curies":[{"name":"wp","href":"https:\/\/api.w.org\/{rel}","templated":true}]}}